{"id":1244,"date":"2022-10-06T16:40:25","date_gmt":"2022-10-06T22:40:25","guid":{"rendered":"https:\/\/multideasdigitales.com\/?page_id=1244"},"modified":"2023-03-23T00:43:20","modified_gmt":"2023-03-23T06:43:20","slug":"citas","status":"publish","type":"page","link":"https:\/\/multideasdigitales.com\/index.php\/citas\/","title":{"rendered":"Citas"},"content":{"rendered":"\t\t<div data-elementor-type=\"wp-page\" data-elementor-id=\"1244\" class=\"elementor elementor-1244\">\n\t\t\t\t\t\t<section class=\"elementor-section elementor-top-section elementor-element elementor-element-4fb59a78 elementor-section-content-middle elementor-reverse-mobile elementor-section-boxed elementor-section-height-default elementor-section-height-default\" data-id=\"4fb59a78\" data-element_type=\"section\">\n\t\t\t\t\t\t<div class=\"elementor-container elementor-column-gap-no\">\n\t\t\t\t\t<div class=\"elementor-column elementor-col-50 elementor-top-column elementor-element elementor-element-879a7b9\" data-id=\"879a7b9\" data-element_type=\"column\">\n\t\t\t<div class=\"elementor-widget-wrap elementor-element-populated\">\n\t\t\t\t\t\t<div class=\"elementor-element elementor-element-226373f5 elementor-widget elementor-widget-heading\" data-id=\"226373f5\" data-element_type=\"widget\" data-widget_type=\"heading.default\">\n\t\t\t\t<div class=\"elementor-widget-container\">\n\t\t\t\t\t<h4 class=\"elementor-heading-title elementor-size-default\">Agenda una Cita<\/h4>\t\t\t\t<\/div>\n\t\t\t\t<\/div>\n\t\t\t\t<div class=\"elementor-element elementor-element-21a1934b elementor-widget elementor-widget-text-editor\" data-id=\"21a1934b\" data-element_type=\"widget\" data-widget_type=\"text-editor.default\">\n\t\t\t\t<div class=\"elementor-widget-container\">\n\t\t\t\t\t\t\t\t\t<p><span style=\"color: #000000;\">Reserva una video llamada para ponernos en contacto y nos cuentes m\u00e1s a detalle que es lo que necesitas y podamos ayudarte a encontrar la mejor opci\u00f3n para ti.<\/span><\/p><p style=\"text-align: right;\"><em><strong><span style=\"color: #000000;\">An\u00edmate es Gratis<\/span><\/strong><\/em><\/p>\t\t\t\t\t\t\t\t<\/div>\n\t\t\t\t<\/div>\n\t\t\t\t\t<\/div>\n\t\t<\/div>\n\t\t\t\t<div class=\"elementor-column elementor-col-50 elementor-top-column elementor-element elementor-element-5463c18c\" data-id=\"5463c18c\" data-element_type=\"column\">\n\t\t\t<div class=\"elementor-widget-wrap elementor-element-populated\">\n\t\t\t\t\t\t<div class=\"elementor-element elementor-element-a2e3ccb elementor-widget elementor-widget-shortcode\" data-id=\"a2e3ccb\" data-element_type=\"widget\" data-widget_type=\"shortcode.default\">\n\t\t\t\t<div class=\"elementor-widget-container\">\n\t\t\t\t\t\t\t<div class=\"elementor-shortcode\"><iframe src=\"https:\/\/multideasdigitales.com\/wp-json\/ssa\/v1\/embed-inner?integration&type=consulta-por-video-llamada&label&types=1&edit&view&payment_provider&ssa_locale=es_ES&ssa_is_rtl&sid=168339bd69f98def320eef842ebc4e529f991ecc&availability_start_date&availability_end_date&suggest_first_available&suggest_first_available_within_minutes&flow&fallback_flow&time_view&date_view&appointment_types_view&version&accent_color&background&padding&font&booking_url=https%3A%2F%2Fmultideasdigitales.com%2Findex.php%2Fcitas%2F&booking_post_id=1244&booking_title=Citas&_wpnonce=f0ec8a4301&redirect_post_id&mepr_membership_id#\/\" height=\"400px\" width=\"100%\" name=\"ssa_booking\" loading=\"eager\" frameborder=\"0\" data-skip-lazy=\"1\" class=\"ssa_booking_iframe skip-lazy\" title=\"Reservar una hora\"><\/iframe><\/div>\n\t\t\t\t\t\t<\/div>\n\t\t\t\t<\/div>\n\t\t\t\t\t<\/div>\n\t\t<\/div>\n\t\t\t\t\t<\/div>\n\t\t<\/section>\n\t\t\t\t<\/div>\n\t\t","protected":false},"excerpt":{"rendered":"<p>Agenda una Cita Reserva una video llamada para ponernos en contacto y nos cuentes m\u00e1s a detalle que es lo que necesitas y podamos ayudarte a encontrar la mejor opci\u00f3n para ti. An\u00edmate es Gratis<\/p>\n","protected":false},"author":1,"featured_media":0,"parent":0,"menu_order":0,"comment_status":"closed","ping_status":"closed","template":"","meta":{"_joinchat":[],"footnotes":""},"class_list":["post-1244","page","type-page","status-publish","hentry"],"yoast_head":"<!-- This site is optimized with the Yoast SEO plugin v25.0 - https:\/\/yoast.com\/wordpress\/plugins\/seo\/ -->\n<title>Citas - Multideas Digitales<\/title>\n<meta name=\"description\" content=\"Citas, no dejes pasar la oportunidad de impulsar tu negocio al siguiente nivel, agenda una cita para una videoconferencia ahora\" \/>\n<meta name=\"robots\" content=\"index, follow, max-snippet:-1, max-image-preview:large, max-video-preview:-1\" \/>\n<link rel=\"canonical\" href=\"https:\/\/multideasdigitales.com\/index.php\/citas\/\" \/>\n<meta property=\"og:locale\" content=\"es_ES\" \/>\n<meta property=\"og:type\" content=\"article\" \/>\n<meta property=\"og:title\" content=\"Citas - Multideas Digitales\" \/>\n<meta property=\"og:description\" content=\"Citas, no dejes pasar la oportunidad de impulsar tu negocio al siguiente nivel, agenda una cita para una videoconferencia ahora\" \/>\n<meta property=\"og:url\" content=\"https:\/\/multideasdigitales.com\/index.php\/citas\/\" \/>\n<meta property=\"og:site_name\" content=\"Multideas Digitales\" \/>\n<meta property=\"article:publisher\" content=\"https:\/\/www.facebook.com\/multideasdigitales\" \/>\n<meta property=\"article:modified_time\" content=\"2023-03-23T06:43:20+00:00\" \/>\n<meta name=\"twitter:card\" content=\"summary_large_image\" \/>\n<script type=\"application\/ld+json\" class=\"yoast-schema-graph\">{\"@context\":\"https:\/\/schema.org\",\"@graph\":[{\"@type\":\"WebPage\",\"@id\":\"https:\/\/multideasdigitales.com\/index.php\/citas\/\",\"url\":\"https:\/\/multideasdigitales.com\/index.php\/citas\/\",\"name\":\"Citas - Multideas Digitales\",\"isPartOf\":{\"@id\":\"https:\/\/multideasdigitales.com\/#website\"},\"datePublished\":\"2022-10-06T22:40:25+00:00\",\"dateModified\":\"2023-03-23T06:43:20+00:00\",\"description\":\"Citas, no dejes pasar la oportunidad de impulsar tu negocio al siguiente nivel, agenda una cita para una videoconferencia ahora\",\"breadcrumb\":{\"@id\":\"https:\/\/multideasdigitales.com\/index.php\/citas\/#breadcrumb\"},\"inLanguage\":\"es\",\"potentialAction\":[{\"@type\":\"ReadAction\",\"target\":[\"https:\/\/multideasdigitales.com\/index.php\/citas\/\"]}]},{\"@type\":\"BreadcrumbList\",\"@id\":\"https:\/\/multideasdigitales.com\/index.php\/citas\/#breadcrumb\",\"itemListElement\":[{\"@type\":\"ListItem\",\"position\":1,\"name\":\"Inicio\",\"item\":\"https:\/\/multideasdigitales.com\/\"},{\"@type\":\"ListItem\",\"position\":2,\"name\":\"Citas\"}]},{\"@type\":\"WebSite\",\"@id\":\"https:\/\/multideasdigitales.com\/#website\",\"url\":\"https:\/\/multideasdigitales.com\/\",\"name\":\"Multideas Digitales\",\"description\":\"Impulsa tu negocio al siguiente nivel\",\"publisher\":{\"@id\":\"https:\/\/multideasdigitales.com\/#organization\"},\"potentialAction\":[{\"@type\":\"SearchAction\",\"target\":{\"@type\":\"EntryPoint\",\"urlTemplate\":\"https:\/\/multideasdigitales.com\/?s={search_term_string}\"},\"query-input\":{\"@type\":\"PropertyValueSpecification\",\"valueRequired\":true,\"valueName\":\"search_term_string\"}}],\"inLanguage\":\"es\"},{\"@type\":\"Organization\",\"@id\":\"https:\/\/multideasdigitales.com\/#organization\",\"name\":\"Multideas Digitales\",\"url\":\"https:\/\/multideasdigitales.com\/\",\"logo\":{\"@type\":\"ImageObject\",\"inLanguage\":\"es\",\"@id\":\"https:\/\/multideasdigitales.com\/#\/schema\/logo\/image\/\",\"url\":\"https:\/\/multideasdigitales.com\/wp-content\/uploads\/2023\/03\/cropped-cropped-wordpress_logo_transparent_512x512.edit_.png\",\"contentUrl\":\"https:\/\/multideasdigitales.com\/wp-content\/uploads\/2023\/03\/cropped-cropped-wordpress_logo_transparent_512x512.edit_.png\",\"width\":424,\"height\":138,\"caption\":\"Multideas Digitales\"},\"image\":{\"@id\":\"https:\/\/multideasdigitales.com\/#\/schema\/logo\/image\/\"},\"sameAs\":[\"https:\/\/www.facebook.com\/multideasdigitales\"]}]}<\/script>\n<!-- \/ Yoast SEO plugin. -->","yoast_head_json":{"title":"Citas - Multideas Digitales","description":"Citas, no dejes pasar la oportunidad de impulsar tu negocio al siguiente nivel, agenda una cita para una videoconferencia ahora","robots":{"index":"index","follow":"follow","max-snippet":"max-snippet:-1","max-image-preview":"max-image-preview:large","max-video-preview":"max-video-preview:-1"},"canonical":"https:\/\/multideasdigitales.com\/index.php\/citas\/","og_locale":"es_ES","og_type":"article","og_title":"Citas - Multideas Digitales","og_description":"Citas, no dejes pasar la oportunidad de impulsar tu negocio al siguiente nivel, agenda una cita para una videoconferencia ahora","og_url":"https:\/\/multideasdigitales.com\/index.php\/citas\/","og_site_name":"Multideas Digitales","article_publisher":"https:\/\/www.facebook.com\/multideasdigitales","article_modified_time":"2023-03-23T06:43:20+00:00","twitter_card":"summary_large_image","schema":{"@context":"https:\/\/schema.org","@graph":[{"@type":"WebPage","@id":"https:\/\/multideasdigitales.com\/index.php\/citas\/","url":"https:\/\/multideasdigitales.com\/index.php\/citas\/","name":"Citas - Multideas Digitales","isPartOf":{"@id":"https:\/\/multideasdigitales.com\/#website"},"datePublished":"2022-10-06T22:40:25+00:00","dateModified":"2023-03-23T06:43:20+00:00","description":"Citas, no dejes pasar la oportunidad de impulsar tu negocio al siguiente nivel, agenda una cita para una videoconferencia ahora","breadcrumb":{"@id":"https:\/\/multideasdigitales.com\/index.php\/citas\/#breadcrumb"},"inLanguage":"es","potentialAction":[{"@type":"ReadAction","target":["https:\/\/multideasdigitales.com\/index.php\/citas\/"]}]},{"@type":"BreadcrumbList","@id":"https:\/\/multideasdigitales.com\/index.php\/citas\/#breadcrumb","itemListElement":[{"@type":"ListItem","position":1,"name":"Inicio","item":"https:\/\/multideasdigitales.com\/"},{"@type":"ListItem","position":2,"name":"Citas"}]},{"@type":"WebSite","@id":"https:\/\/multideasdigitales.com\/#website","url":"https:\/\/multideasdigitales.com\/","name":"Multideas Digitales","description":"Impulsa tu negocio al siguiente nivel","publisher":{"@id":"https:\/\/multideasdigitales.com\/#organization"},"potentialAction":[{"@type":"SearchAction","target":{"@type":"EntryPoint","urlTemplate":"https:\/\/multideasdigitales.com\/?s={search_term_string}"},"query-input":{"@type":"PropertyValueSpecification","valueRequired":true,"valueName":"search_term_string"}}],"inLanguage":"es"},{"@type":"Organization","@id":"https:\/\/multideasdigitales.com\/#organization","name":"Multideas Digitales","url":"https:\/\/multideasdigitales.com\/","logo":{"@type":"ImageObject","inLanguage":"es","@id":"https:\/\/multideasdigitales.com\/#\/schema\/logo\/image\/","url":"https:\/\/multideasdigitales.com\/wp-content\/uploads\/2023\/03\/cropped-cropped-wordpress_logo_transparent_512x512.edit_.png","contentUrl":"https:\/\/multideasdigitales.com\/wp-content\/uploads\/2023\/03\/cropped-cropped-wordpress_logo_transparent_512x512.edit_.png","width":424,"height":138,"caption":"Multideas Digitales"},"image":{"@id":"https:\/\/multideasdigitales.com\/#\/schema\/logo\/image\/"},"sameAs":["https:\/\/www.facebook.com\/multideasdigitales"]}]}},"_links":{"self":[{"href":"https:\/\/multideasdigitales.com\/index.php\/wp-json\/wp\/v2\/pages\/1244","targetHints":{"allow":["GET"]}}],"collection":[{"href":"https:\/\/multideasdigitales.com\/index.php\/wp-json\/wp\/v2\/pages"}],"about":[{"href":"https:\/\/multideasdigitales.com\/index.php\/wp-json\/wp\/v2\/types\/page"}],"author":[{"embeddable":true,"href":"https:\/\/multideasdigitales.com\/index.php\/wp-json\/wp\/v2\/users\/1"}],"replies":[{"embeddable":true,"href":"https:\/\/multideasdigitales.com\/index.php\/wp-json\/wp\/v2\/comments?post=1244"}],"version-history":[{"count":11,"href":"https:\/\/multideasdigitales.com\/index.php\/wp-json\/wp\/v2\/pages\/1244\/revisions"}],"predecessor-version":[{"id":1608,"href":"https:\/\/multideasdigitales.com\/index.php\/wp-json\/wp\/v2\/pages\/1244\/revisions\/1608"}],"wp:attachment":[{"href":"https:\/\/multideasdigitales.com\/index.php\/wp-json\/wp\/v2\/media?parent=1244"}],"curies":[{"name":"wp","href":"https:\/\/api.w.org\/{rel}","templated":true}]}}